{"id":7,"date":"2025-08-25T15:16:30","date_gmt":"2025-08-25T13:16:30","guid":{"rendered":"https:\/\/bksgluggar.is\/?page_id=7"},"modified":"2025-09-05T11:58:12","modified_gmt":"2025-09-05T09:58:12","slug":"about-us","status":"publish","type":"page","link":"https:\/\/bksgluggar.is\/","title":{"rendered":"About us"},"content":{"rendered":"\t\t<div data-elementor-type=\"wp-post\" data-elementor-id=\"7\" class=\"elementor elementor-7\">\n\t\t\t\t<div class=\"elementor-element elementor-element-035f67e e-flex e-con-boxed e-con e-parent\" data-id=\"035f67e\" data-element_type=\"container\" data-settings=\"{&quot;background_background&quot;:&quot;classic&quot;}\">\n\t\t\t\t\t<div class=\"e-con-inner\">\n\t\t<div class=\"elementor-element elementor-element-4f3d251 e-con-full e-flex e-con e-child\" data-id=\"4f3d251\" data-element_type=\"container\">\n\t\t\t\t<div class=\"elementor-element elementor-element-5e65e3b elementor-widget elementor-widget-heading\" data-id=\"5e65e3b\" data-element_type=\"widget\" data-widget_type=\"heading.default\">\n\t\t\t\t\t<h1 class=\"elementor-heading-title elementor-size-default\">H\u00e1g\u00e6\u00f0av\u00f6rur fyrir \u00edslenska ve\u00f0r\u00e1ttu.<\/h1>\t\t\t\t<\/div>\n\t\t\t\t<\/div>\n\t\t<div class=\"elementor-element elementor-element-1be4c6a e-con-full e-flex e-con e-child\" data-id=\"1be4c6a\" data-element_type=\"container\">\n\t\t\t\t<div class=\"elementor-element elementor-element-28cb982 elementor-widget elementor-widget-image\" data-id=\"28cb982\" data-element_type=\"widget\" data-widget_type=\"image.default\">\n\t\t\t\t\t\t\t\t\t\t\t\t\t\t\t<img fetchpriority=\"high\" decoding=\"async\" width=\"800\" height=\"800\" src=\"https:\/\/bksgluggar.is\/wp-content\/uploads\/2025\/09\/bks100.png\" class=\"attachment-large size-large wp-image-63\" alt=\"\" srcset=\"https:\/\/bksgluggar.is\/wp-content\/uploads\/2025\/09\/bks100.png 1024w, https:\/\/bksgluggar.is\/wp-content\/uploads\/2025\/09\/bks100-300x300.png 300w, https:\/\/bksgluggar.is\/wp-content\/uploads\/2025\/09\/bks100-150x150.png 150w, https:\/\/bksgluggar.is\/wp-content\/uploads\/2025\/09\/bks100-768x768.png 768w\" sizes=\"(max-width: 800px) 100vw, 800px\" \/>\t\t\t\t\t\t\t\t\t\t\t\t\t\t\t<\/div>\n\t\t\t\t<\/div>\n\t\t\t\t\t<\/div>\n\t\t\t\t<\/div>\n\t\t<div class=\"elementor-element elementor-element-d9500d1 e-flex e-con-boxed e-con e-parent\" data-id=\"d9500d1\" data-element_type=\"container\" data-settings=\"{&quot;background_background&quot;:&quot;classic&quot;}\">\n\t\t\t\t\t<div class=\"e-con-inner\">\n\t\t<div class=\"elementor-element elementor-element-bb3161f e-con-full e-flex e-con e-child\" data-id=\"bb3161f\" data-element_type=\"container\">\n\t\t\t\t<div class=\"elementor-element elementor-element-8493ad2 elementor-widget elementor-widget-image\" data-id=\"8493ad2\" data-element_type=\"widget\" data-widget_type=\"image.default\">\n\t\t\t\t\t\t\t\t\t\t\t\t\t\t\t<img decoding=\"async\" src=\"https:\/\/bksgluggar.is\/wp-content\/uploads\/2025\/09\/Diseno-sin-titulo-21.png\" title=\"Disen\u0303o sin ti\u0301tulo (21)\" alt=\"Disen\u0303o sin ti\u0301tulo (21)\" loading=\"lazy\" \/>\t\t\t\t\t\t\t\t\t\t\t\t\t\t\t<\/div>\n\t\t\t\t<\/div>\n\t\t<div class=\"elementor-element elementor-element-8387555 e-con-full e-flex e-con e-child\" data-id=\"8387555\" data-element_type=\"container\">\n\t\t\t\t<div class=\"elementor-element elementor-element-26f5015 elementor-widget elementor-widget-text-editor\" data-id=\"26f5015\" data-element_type=\"widget\" data-widget_type=\"text-editor.default\">\n\t\t\t\t\t\t\t\t\t<p>BKS gluggar er fyrirt\u00e6ki sta\u00f0sett \u00ed Reykjav\u00edk. Markmi\u00f0i\u00f0 okkar er a\u00f0 bj\u00f3\u00f0a upp \u00e1 h\u00e1t\u00e6knilega glugga fyrir \u00edslenskan marka\u00f0. Gluggarnir uppfylla allar kr\u00f6fur um byggingarsta\u00f0la (C.E) og gott betur. Gluggarnir okkar b\u00faa yfir gr\u00ed\u00f0arlegu \u00e1lags\u00feoli gagnvart vind\u00e1lagi (C5- sem er h\u00e6sta m\u00f6gulega gildi\u00f0). Sama gildir um slagregns\u00fe\u00e9ttileika gluggans, gluggarnir okkar \u00feola 1350 pascal af \u00fer\u00fdstingi. Einnig er loft\u00fe\u00e9ttileiki gluggans fyrsta flokks, \u00fe.e.a.s. hversu miklu lofti hann hleypir \u00ed gegn \u00feegar hann er loka\u00f0ur. Gluggarnir okkar eru \u00ed klassa 4 sem er h\u00e6sta m\u00f6gulega gildi\u00f0. Gluggarnir einangra afar vel gagnvart loftmengun \u00e1samt hlj\u00f3\u00f0mengun. Einnig uppfylla gluggarnir allar helstu fagurfr\u00e6\u00f0ilegu kr\u00f6fur, vegna \u00feess a\u00f0 allir gluggarnir okkar eru s\u00e9rsm\u00ed\u00f0a\u00f0ir eftir \u00fe\u00f6rfum hvers og eins.<\/p>\t\t\t\t\t\t\t\t<\/div>\n\t\t\t\t<\/div>\n\t\t\t\t\t<\/div>\n\t\t\t\t<\/div>\n\t\t<div class=\"elementor-element elementor-element-6bc0d4a e-flex e-con-boxed e-con e-parent\" data-id=\"6bc0d4a\" data-element_type=\"container\" data-settings=\"{&quot;background_background&quot;:&quot;classic&quot;}\">\n\t\t\t\t\t<div class=\"e-con-inner\">\n\t\t<div class=\"elementor-element elementor-element-93a9ba1 e-con-full e-flex e-con e-child\" data-id=\"93a9ba1\" data-element_type=\"container\">\n\t\t\t\t<div class=\"elementor-element elementor-element-8f646e0 elementor-widget elementor-widget-text-editor\" data-id=\"8f646e0\" data-element_type=\"widget\" data-widget_type=\"text-editor.default\">\n\t\t\t\t\t\t\t\t\t<p>Fyrst vi\u00f0 erum l\u00edti\u00f0 fyrirt\u00e6ki a\u00f0 taka okkar fyrstu skref getum vi\u00f0 bo\u00f0i\u00f0 vi\u00f0skiptavinum okkar upp \u00e1 pers\u00f3nulegri \u00fej\u00f3nustu en \u00fea\u00f0 sem telst hef\u00f0bundi\u00f0 \u00ed \u00feessum atvinnugeira, eitthva\u00f0 sem st\u00e6rri fyrirt\u00e6kin eiga a\u00f0 jafna\u00f0i erfi\u00f0ara me\u00f0. Vi\u00f0 t\u00f6kum okkur t\u00edma til a\u00f0 fara \u00edtarlega \u00ed \u00f6ll sm\u00e1atri\u00f0i til a\u00f0 gulltryggja fars\u00e6la framkv\u00e6md \u00ed \u00f6llum okkar verkum.<\/p>\t\t\t\t\t\t\t\t<\/div>\n\t\t\t\t<\/div>\n\t\t<div class=\"elementor-element elementor-element-09b9229 e-con-full e-flex e-con e-child\" data-id=\"09b9229\" data-element_type=\"container\">\n\t\t\t\t<div class=\"elementor-element elementor-element-d067665 elementor-widget elementor-widget-image\" data-id=\"d067665\" data-element_type=\"widget\" data-widget_type=\"image.default\">\n\t\t\t\t\t\t\t\t\t\t\t\t\t\t\t<img decoding=\"async\" width=\"800\" height=\"800\" src=\"https:\/\/bksgluggar.is\/wp-content\/uploads\/2025\/09\/Diseno-sin-titulo-22-1024x1024.png\" class=\"attachment-large size-large wp-image-158\" alt=\"\" srcset=\"https:\/\/bksgluggar.is\/wp-content\/uploads\/2025\/09\/Diseno-sin-titulo-22-1024x1024.png 1024w, https:\/\/bksgluggar.is\/wp-content\/uploads\/2025\/09\/Diseno-sin-titulo-22-300x300.png 300w, https:\/\/bksgluggar.is\/wp-content\/uploads\/2025\/09\/Diseno-sin-titulo-22-150x150.png 150w, https:\/\/bksgluggar.is\/wp-content\/uploads\/2025\/09\/Diseno-sin-titulo-22-768x768.png 768w, https:\/\/bksgluggar.is\/wp-content\/uploads\/2025\/09\/Diseno-sin-titulo-22.png 1080w\" sizes=\"(max-width: 800px) 100vw, 800px\" \/>\t\t\t\t\t\t\t\t\t\t\t\t\t\t\t<\/div>\n\t\t\t\t<\/div>\n\t\t\t\t\t<\/div>\n\t\t\t\t<\/div>\n\t\t<div class=\"elementor-element elementor-element-3d6dc3b e-flex e-con-boxed e-con e-parent\" data-id=\"3d6dc3b\" data-element_type=\"container\" data-settings=\"{&quot;background_background&quot;:&quot;classic&quot;}\">\n\t\t\t\t\t<div class=\"e-con-inner\">\n\t\t<div class=\"elementor-element elementor-element-eee3b4e e-con-full e-flex e-con e-child\" data-id=\"eee3b4e\" data-element_type=\"container\">\n\t\t\t\t<div class=\"elementor-element elementor-element-5755750 elementor-widget elementor-widget-image\" data-id=\"5755750\" data-element_type=\"widget\" data-widget_type=\"image.default\">\n\t\t\t\t\t\t\t\t\t\t\t\t\t\t\t<img decoding=\"async\" width=\"800\" height=\"800\" src=\"https:\/\/bksgluggar.is\/wp-content\/uploads\/2025\/09\/bks200.png\" class=\"attachment-large size-large wp-image-64\" alt=\"\" srcset=\"https:\/\/bksgluggar.is\/wp-content\/uploads\/2025\/09\/bks200.png 1024w, https:\/\/bksgluggar.is\/wp-content\/uploads\/2025\/09\/bks200-300x300.png 300w, https:\/\/bksgluggar.is\/wp-content\/uploads\/2025\/09\/bks200-150x150.png 150w, https:\/\/bksgluggar.is\/wp-content\/uploads\/2025\/09\/bks200-768x768.png 768w\" sizes=\"(max-width: 800px) 100vw, 800px\" \/>\t\t\t\t\t\t\t\t\t\t\t\t\t\t\t<\/div>\n\t\t\t\t<\/div>\n\t\t<div class=\"elementor-element elementor-element-ea4154a e-con-full e-flex e-con e-child\" data-id=\"ea4154a\" data-element_type=\"container\">\n\t\t\t\t<div class=\"elementor-element elementor-element-b43df01 elementor-widget elementor-widget-text-editor\" data-id=\"b43df01\" data-element_type=\"widget\" data-widget_type=\"text-editor.default\">\n\t\t\t\t\t\t\t\t\t<p><span style=\"font-weight: 300;\">Vi\u00f0 hj\u00e1 BKS gluggum leggjum h\u00f6fu\u00f0\u00e1herslu \u00e1 vistv\u00e6na a\u00f0fer\u00f0afr\u00e6\u00f0i, \u00fear sem gluggarnir okkar eru mj\u00f6g vistv\u00e6nir getum vi\u00f0 b\u00e6\u00f0i dregi\u00f0 \u00far kolefnaspori \u00e1samt \u00fev\u00ed a\u00f0 spara vi\u00f0skiptavinum okkar orkukostna\u00f0 \u00feegar liti\u00f0 er til framt\u00ed\u00f0ar. Vi\u00f0 sinnum vi\u00f0skiptavinum um land allt.<\/span><\/p>\t\t\t\t\t\t\t\t<\/div>\n\t\t\t\t<\/div>\n\t\t\t\t\t<\/div>\n\t\t\t\t<\/div>\n\t\t\t\t<\/div>\n\t\t","protected":false},"excerpt":{"rendered":"<p>H\u00e1g\u00e6\u00f0av\u00f6rur fyrir \u00edslenska ve\u00f0r\u00e1ttu. BKS gluggar er fyrirt\u00e6ki sta\u00f0sett \u00ed Reykjav\u00edk. Markmi\u00f0i\u00f0 okkar er a\u00f0 bj\u00f3\u00f0a upp \u00e1 h\u00e1t\u00e6knilega glugga fyrir \u00edslenskan marka\u00f0. Gluggarnir uppfylla allar kr\u00f6fur um byggingarsta\u00f0la (C.E) og gott betur. Gluggarnir okkar b\u00faa yfir gr\u00ed\u00f0arlegu \u00e1lags\u00feoli gagnvart vind\u00e1lagi (C5- sem er h\u00e6sta m\u00f6gulega gildi\u00f0). Sama gildir um slagregns\u00fe\u00e9ttileika gluggans, gluggarnir okkar \u00feola [&hellip;]<\/p>\n","protected":false},"author":1,"featured_media":0,"parent":0,"menu_order":0,"comment_status":"closed","ping_status":"closed","template":"elementor_header_footer","meta":{"footnotes":""},"class_list":["post-7","page","type-page","status-publish","hentry"],"_links":{"self":[{"href":"https:\/\/bksgluggar.is\/index.php?rest_route=\/wp\/v2\/pages\/7","targetHints":{"allow":["GET"]}}],"collection":[{"href":"https:\/\/bksgluggar.is\/index.php?rest_route=\/wp\/v2\/pages"}],"about":[{"href":"https:\/\/bksgluggar.is\/index.php?rest_route=\/wp\/v2\/types\/page"}],"author":[{"embeddable":true,"href":"https:\/\/bksgluggar.is\/index.php?rest_route=\/wp\/v2\/users\/1"}],"replies":[{"embeddable":true,"href":"https:\/\/bksgluggar.is\/index.php?rest_route=%2Fwp%2Fv2%2Fcomments&post=7"}],"version-history":[{"count":26,"href":"https:\/\/bksgluggar.is\/index.php?rest_route=\/wp\/v2\/pages\/7\/revisions"}],"predecessor-version":[{"id":166,"href":"https:\/\/bksgluggar.is\/index.php?rest_route=\/wp\/v2\/pages\/7\/revisions\/166"}],"wp:attachment":[{"href":"https:\/\/bksgluggar.is\/index.php?rest_route=%2Fwp%2Fv2%2Fmedia&parent=7"}],"curies":[{"name":"wp","href":"https:\/\/api.w.org\/{rel}","templated":true}]}}