{"id":12,"date":"2025-08-25T15:23:56","date_gmt":"2025-08-25T13:23:56","guid":{"rendered":"https:\/\/bksgluggar.is\/?page_id=12"},"modified":"2025-09-05T11:59:16","modified_gmt":"2025-09-05T09:59:16","slug":"offer","status":"publish","type":"page","link":"https:\/\/bksgluggar.is\/?page_id=12","title":{"rendered":"Offer"},"content":{"rendered":"\t\t<div data-elementor-type=\"wp-page\" data-elementor-id=\"12\" class=\"elementor elementor-12\">\n\t\t\t\t<div class=\"elementor-element elementor-element-fe66b7e e-flex e-con-boxed e-con e-parent\" data-id=\"fe66b7e\" data-element_type=\"container\" data-settings=\"{&quot;background_background&quot;:&quot;classic&quot;}\">\n\t\t\t\t\t<div class=\"e-con-inner\">\n\t\t<div class=\"elementor-element elementor-element-4a81547 e-con-full e-flex e-con e-child\" data-id=\"4a81547\" data-element_type=\"container\">\n\t\t\t\t<div class=\"elementor-element elementor-element-fcfbf09 elementor-widget elementor-widget-heading\" data-id=\"fcfbf09\" data-element_type=\"widget\" data-widget_type=\"heading.default\">\n\t\t\t\t\t<h1 class=\"elementor-heading-title elementor-size-default\">Lausnir okkar, s\u00e9rsni\u00f0nar eftir \u00fe\u00ednum \u00fe\u00f6rfum.<\/h1>\t\t\t\t<\/div>\n\t\t\t\t<div class=\"elementor-element elementor-element-e907287 elementor-widget elementor-widget-text-editor\" data-id=\"e907287\" data-element_type=\"widget\" data-widget_type=\"text-editor.default\">\n\t\t\t\t\t\t\t\t\t<p><span style=\"font-weight: 300;\">Fullkomnir gluggar fyrir heimilin sem og fyrirt\u00e6kin.<\/span><\/p>\t\t\t\t\t\t\t\t<\/div>\n\t\t\t\t<\/div>\n\t\t<div class=\"elementor-element elementor-element-e32cc4a e-con-full e-flex e-con e-child\" data-id=\"e32cc4a\" data-element_type=\"container\">\n\t\t\t\t<div class=\"elementor-element elementor-element-8e672b2 elementor-widget elementor-widget-image\" data-id=\"8e672b2\" data-element_type=\"widget\" data-widget_type=\"image.default\">\n\t\t\t\t\t\t\t\t\t\t\t\t\t\t\t<img fetchpriority=\"high\" decoding=\"async\" width=\"800\" height=\"800\" src=\"https:\/\/bksgluggar.is\/wp-content\/uploads\/2025\/09\/bks300.png\" class=\"attachment-large size-large wp-image-65\" alt=\"\" srcset=\"https:\/\/bksgluggar.is\/wp-content\/uploads\/2025\/09\/bks300.png 1024w, https:\/\/bksgluggar.is\/wp-content\/uploads\/2025\/09\/bks300-300x300.png 300w, https:\/\/bksgluggar.is\/wp-content\/uploads\/2025\/09\/bks300-150x150.png 150w, https:\/\/bksgluggar.is\/wp-content\/uploads\/2025\/09\/bks300-768x768.png 768w\" sizes=\"(max-width: 800px) 100vw, 800px\" \/>\t\t\t\t\t\t\t\t\t\t\t\t\t\t\t<\/div>\n\t\t\t\t<\/div>\n\t\t\t\t\t<\/div>\n\t\t\t\t<\/div>\n\t\t<div class=\"elementor-element elementor-element-3ba85f7 e-flex e-con-boxed e-con e-parent\" data-id=\"3ba85f7\" data-element_type=\"container\" data-settings=\"{&quot;background_background&quot;:&quot;classic&quot;}\">\n\t\t\t\t\t<div class=\"e-con-inner\">\n\t\t<div class=\"elementor-element elementor-element-bbef991 e-con-full e-flex e-con e-child\" data-id=\"bbef991\" data-element_type=\"container\">\n\t\t\t\t<div class=\"elementor-element elementor-element-d6c568a elementor-widget elementor-widget-image\" data-id=\"d6c568a\" data-element_type=\"widget\" data-widget_type=\"image.default\">\n\t\t\t\t\t\t\t\t\t\t\t\t\t\t\t<img decoding=\"async\" width=\"800\" height=\"800\" src=\"https:\/\/bksgluggar.is\/wp-content\/uploads\/2025\/09\/Diseno-sin-titulo-23-1024x1024.png\" class=\"attachment-large size-large wp-image-162\" alt=\"\" srcset=\"https:\/\/bksgluggar.is\/wp-content\/uploads\/2025\/09\/Diseno-sin-titulo-23-1024x1024.png 1024w, https:\/\/bksgluggar.is\/wp-content\/uploads\/2025\/09\/Diseno-sin-titulo-23-300x300.png 300w, https:\/\/bksgluggar.is\/wp-content\/uploads\/2025\/09\/Diseno-sin-titulo-23-150x150.png 150w, https:\/\/bksgluggar.is\/wp-content\/uploads\/2025\/09\/Diseno-sin-titulo-23-768x768.png 768w, https:\/\/bksgluggar.is\/wp-content\/uploads\/2025\/09\/Diseno-sin-titulo-23.png 1080w\" sizes=\"(max-width: 800px) 100vw, 800px\" \/>\t\t\t\t\t\t\t\t\t\t\t\t\t\t\t<\/div>\n\t\t\t\t<\/div>\n\t\t<div class=\"elementor-element elementor-element-007840d e-con-full e-flex e-con e-child\" data-id=\"007840d\" data-element_type=\"container\">\n\t\t\t\t<div class=\"elementor-element elementor-element-e77fc05 elementor-widget elementor-widget-heading\" data-id=\"e77fc05\" data-element_type=\"widget\" data-widget_type=\"heading.default\">\n\t\t\t\t\t<h2 class=\"elementor-heading-title elementor-size-default\">uPVC gluggar<\/h2>\t\t\t\t<\/div>\n\t\t\t\t<div class=\"elementor-element elementor-element-fb3a747 elementor-widget elementor-widget-text-editor\" data-id=\"fb3a747\" data-element_type=\"widget\" data-widget_type=\"text-editor.default\">\n\t\t\t\t\t\t\t\t\t<p><span style=\"font-weight: 300;\">uPVC gluggarnir okkar skilvirkir \u00ed orkun\u00fdtingu \u00e1samt \u00fev\u00ed a\u00f0 vera endingarg\u00f3\u00f0ir og n\u00e1nast vi\u00f0haldsfr\u00edir. Einangrunin er s\u00e9rstaklega g\u00f3\u00f0 \u00fear sem gluggarnir vi\u00f0halda hita vel, tv\u00edglerja uPVC gluggar eru me\u00f0 0,6 uG gildi (gerist ekki miki\u00f0 betra, nema me\u00f0 \u00fer\u00edglerja uPVC) sem skilar s\u00e9r \u00ed orkusparna\u00f0i fyrir neytandann. uPVC gluggarnir koma \u00ed \u00fdmsum st\u00e6r\u00f0um og ger\u00f0um \u00ed mismunandi litum, \u00feess vegna getum vi\u00f0 s\u00e9rsni\u00f0i\u00f0 uPVC gluggana \u00ed hva\u00f0a arkitekt\u00far sem er. uPVC gluggarnir okkar eru me\u00f0 \u00feeim bestu \u00ed evr\u00f3pu, samstarfsa\u00f0ili okkar Aluplast er frumkv\u00f6\u00f0ull \u00ed uPVC gluggat\u00e6kni sem tryggir h\u00e6stu g\u00e6\u00f0i. uPVC gluggarnir eru s\u00e9rstaklega g\u00f3\u00f0ur kostur \u00ed sj\u00e1var\u00feorpum \u00fear sem raki og sj\u00f3selta er \u00ed miklu magni. Ef \u00fe\u00fa ert a\u00f0 leita a\u00f0 h\u00e1g\u00e6\u00f0a v\u00f6ru \u00e1 hagst\u00e6\u00f0u ver\u00f0i \u00fe\u00e1 er uPVC einstaklega g\u00f3\u00f0ur kostur.<\/span><\/p><p><em>Lykilatri\u00f0i : Orkusparna\u00f0ur, l\u00edti\u00f0 vi\u00f0hald, g\u00f3\u00f0ur endingart\u00edmi, fj\u00f6lbreytt h\u00f6nnun, aluplast g\u00e6\u00f0i, sterkt vi\u00f0n\u00e1m gagnvart salti og raka \u00e1samt hagst\u00e6\u00f0u ver\u00f0i.<\/em><\/p>\t\t\t\t\t\t\t\t<\/div>\n\t\t\t\t<\/div>\n\t\t\t\t\t<\/div>\n\t\t\t\t<\/div>\n\t\t<div class=\"elementor-element elementor-element-b1e42d3 e-flex e-con-boxed e-con e-parent\" data-id=\"b1e42d3\" data-element_type=\"container\" data-settings=\"{&quot;background_background&quot;:&quot;classic&quot;}\">\n\t\t\t\t\t<div class=\"e-con-inner\">\n\t\t<div class=\"elementor-element elementor-element-22ef9db e-con-full e-flex e-con e-child\" data-id=\"22ef9db\" data-element_type=\"container\">\n\t\t\t\t<div class=\"elementor-element elementor-element-72ffc08 elementor-widget elementor-widget-heading\" data-id=\"72ffc08\" data-element_type=\"widget\" data-widget_type=\"heading.default\">\n\t\t\t\t\t<h2 class=\"elementor-heading-title elementor-size-default\">\u00c1lgluggar<\/h2>\t\t\t\t<\/div>\n\t\t\t\t<div class=\"elementor-element elementor-element-e71cd5c elementor-widget elementor-widget-text-editor\" data-id=\"e71cd5c\" data-element_type=\"widget\" data-widget_type=\"text-editor.default\">\n\t\t\t\t\t\t\t\t\t<p><span style=\"font-weight: 300;\">\u00c1lgluggarnir okkar eru st\u00edlhreinir, n\u00fat\u00edmalegir og sterkbygg\u00f0ir \u00e1samt \u00fev\u00ed a\u00f0 vera ry\u00f0fr\u00edir. Gluggarnir umhverfisv\u00e6nir \u00fear sem \u00e1l er 100 % endurvinnanlegt efni. H\u00f6nnunar m\u00f6guleikarnir eru takmarkalausir vegna \u00feess a\u00f0 \u00e1l er b\u00e6\u00f0i sterkt og sveigjanlegt. Orkusparna\u00f0urinn er mikill \u00fe\u00f6kk s\u00e9 g\u00f3\u00f0ri einangrun sem lei\u00f0ir til l\u00e6gri hita-og rafmagnskostna\u00f0ar. \u00c1l er einnig l\u00e9tt efni mi\u00f0a\u00f0 vi\u00f0 hversu sterkt \u00fea\u00f0 er sem lei\u00f0ir til au\u00f0veldari \u00edsetningu. Ef \u00e1hugi liggur fyrir sterkbygg\u00f0um st\u00edlhreinum glugga sem einangrar vel og t\u00e6rist ekki, \u00fe\u00e1 er \u00e1lglugginn fyrir \u00feig.<\/span><\/p><p><i><span style=\"font-weight: 400;\">Lykilatri\u00f0i: N\u00fat\u00edmaleg h\u00f6nnun, sterkbygg\u00f0ir og \u00e1rei\u00f0anlegir gluggar, Sveigjanleiki \u00ed h\u00f6nnun, eldvarnir , \u00fe\u00e6gilegir \u00ed uppsetningu og einstaklega g\u00f3\u00f0ir fyrir st\u00e6rri glugga.<\/span><\/i><\/p>\t\t\t\t\t\t\t\t<\/div>\n\t\t\t\t<\/div>\n\t\t<div class=\"elementor-element elementor-element-69b1f62 e-con-full e-flex e-con e-child\" data-id=\"69b1f62\" data-element_type=\"container\">\n\t\t\t\t<div class=\"elementor-element elementor-element-5c32259 elementor-widget elementor-widget-image\" data-id=\"5c32259\" data-element_type=\"widget\" data-widget_type=\"image.default\">\n\t\t\t\t\t\t\t\t\t\t\t\t\t\t\t<img decoding=\"async\" width=\"800\" height=\"800\" src=\"https:\/\/bksgluggar.is\/wp-content\/uploads\/2025\/09\/Diseno-sin-titulo-15-1024x1024.png\" class=\"attachment-large size-large wp-image-84\" alt=\"\" srcset=\"https:\/\/bksgluggar.is\/wp-content\/uploads\/2025\/09\/Diseno-sin-titulo-15-1024x1024.png 1024w, https:\/\/bksgluggar.is\/wp-content\/uploads\/2025\/09\/Diseno-sin-titulo-15-300x300.png 300w, https:\/\/bksgluggar.is\/wp-content\/uploads\/2025\/09\/Diseno-sin-titulo-15-150x150.png 150w, https:\/\/bksgluggar.is\/wp-content\/uploads\/2025\/09\/Diseno-sin-titulo-15-768x768.png 768w, https:\/\/bksgluggar.is\/wp-content\/uploads\/2025\/09\/Diseno-sin-titulo-15.png 1080w\" sizes=\"(max-width: 800px) 100vw, 800px\" \/>\t\t\t\t\t\t\t\t\t\t\t\t\t\t\t<\/div>\n\t\t\t\t<\/div>\n\t\t\t\t\t<\/div>\n\t\t\t\t<\/div>\n\t\t<div class=\"elementor-element elementor-element-01b72cd e-flex e-con-boxed e-con e-parent\" data-id=\"01b72cd\" data-element_type=\"container\" data-settings=\"{&quot;background_background&quot;:&quot;classic&quot;}\">\n\t\t\t\t\t<div class=\"e-con-inner\">\n\t\t<div class=\"elementor-element elementor-element-2bcf97d e-con-full e-flex e-con e-child\" data-id=\"2bcf97d\" data-element_type=\"container\">\n\t\t\t\t<div class=\"elementor-element elementor-element-d78c1ff elementor-widget elementor-widget-image\" data-id=\"d78c1ff\" data-element_type=\"widget\" data-widget_type=\"image.default\">\n\t\t\t\t\t\t\t\t\t\t\t\t\t\t\t<img loading=\"lazy\" decoding=\"async\" width=\"800\" height=\"800\" src=\"https:\/\/bksgluggar.is\/wp-content\/uploads\/2025\/09\/Diseno-sin-titulo-20-1024x1024.png\" class=\"attachment-large size-large wp-image-102\" alt=\"\" srcset=\"https:\/\/bksgluggar.is\/wp-content\/uploads\/2025\/09\/Diseno-sin-titulo-20-1024x1024.png 1024w, https:\/\/bksgluggar.is\/wp-content\/uploads\/2025\/09\/Diseno-sin-titulo-20-300x300.png 300w, https:\/\/bksgluggar.is\/wp-content\/uploads\/2025\/09\/Diseno-sin-titulo-20-150x150.png 150w, https:\/\/bksgluggar.is\/wp-content\/uploads\/2025\/09\/Diseno-sin-titulo-20-768x768.png 768w, https:\/\/bksgluggar.is\/wp-content\/uploads\/2025\/09\/Diseno-sin-titulo-20.png 1080w\" sizes=\"(max-width: 800px) 100vw, 800px\" \/>\t\t\t\t\t\t\t\t\t\t\t\t\t\t\t<\/div>\n\t\t\t\t<\/div>\n\t\t<div class=\"elementor-element elementor-element-a98952a e-con-full e-flex e-con e-child\" data-id=\"a98952a\" data-element_type=\"container\">\n\t\t\t\t<div class=\"elementor-element elementor-element-d4e0935 elementor-widget elementor-widget-heading\" data-id=\"d4e0935\" data-element_type=\"widget\" data-widget_type=\"heading.default\">\n\t\t\t\t\t<h2 class=\"elementor-heading-title elementor-size-default\">Vi\u00f0argluggar<\/h2>\t\t\t\t<\/div>\n\t\t\t\t<div class=\"elementor-element elementor-element-da2f374 elementor-widget elementor-widget-text-editor\" data-id=\"da2f374\" data-element_type=\"widget\" data-widget_type=\"text-editor.default\">\n\t\t\t\t\t\t\t\t\t<p><span style=\"font-weight: 300;\">Vi\u00f0argluggar b\u00faa yfir fallegu og hl\u00fdlegu yfirbrag\u00f0i sem gefa h\u00fasum klass\u00edskt og n\u00e1tt\u00farulegt \u00fatlit. Vi\u00f0 bj\u00f3\u00f0um upp \u00e1 margskonar tegundir af trj\u00e1m sem hentar vi\u00f0 mismunandi a\u00f0st\u00e6\u00f0ur , hvort sem \u00e1hugi liggur fyrir m\u00fdkri vi\u00f0 e\u00f0a har\u00f0vi\u00f0. Allir vi\u00f0argluggarnir okkar eru s\u00e9rsm\u00ed\u00f0a\u00f0ir, hentar s\u00e9rstaklega vel fyrir eldri h\u00fas sem \u00feurfa a\u00f0 var\u00f0veita arkitekt\u00farinn.<\/span><\/p><p><em>Lykilatri\u00f0i: N\u00e1tt\u00faruleg fegur\u00f0, g\u00f3\u00f0 einangrun, vistv\u00e6nn kostur, s\u00e9rsni\u00f0inn, klass\u00edskt \u00fatlit.<\/em><\/p>\t\t\t\t\t\t\t\t<\/div>\n\t\t\t\t<\/div>\n\t\t\t\t\t<\/div>\n\t\t\t\t<\/div>\n\t\t\t\t<\/div>\n\t\t","protected":false},"excerpt":{"rendered":"<p>Lausnir okkar, s\u00e9rsni\u00f0nar eftir \u00fe\u00ednum \u00fe\u00f6rfum. Fullkomnir gluggar fyrir heimilin sem og fyrirt\u00e6kin. uPVC gluggar uPVC gluggarnir okkar skilvirkir \u00ed orkun\u00fdtingu \u00e1samt \u00fev\u00ed a\u00f0 vera endingarg\u00f3\u00f0ir og n\u00e1nast vi\u00f0haldsfr\u00edir. Einangrunin er s\u00e9rstaklega g\u00f3\u00f0 \u00fear sem gluggarnir vi\u00f0halda hita vel, tv\u00edglerja uPVC gluggar eru me\u00f0 0,6 uG gildi (gerist ekki miki\u00f0 betra, nema me\u00f0 \u00fer\u00edglerja uPVC) [&hellip;]<\/p>\n","protected":false},"author":1,"featured_media":0,"parent":0,"menu_order":0,"comment_status":"closed","ping_status":"closed","template":"elementor_header_footer","meta":{"footnotes":""},"class_list":["post-12","page","type-page","status-publish","hentry"],"_links":{"self":[{"href":"https:\/\/bksgluggar.is\/index.php?rest_route=\/wp\/v2\/pages\/12","targetHints":{"allow":["GET"]}}],"collection":[{"href":"https:\/\/bksgluggar.is\/index.php?rest_route=\/wp\/v2\/pages"}],"about":[{"href":"https:\/\/bksgluggar.is\/index.php?rest_route=\/wp\/v2\/types\/page"}],"author":[{"embeddable":true,"href":"https:\/\/bksgluggar.is\/index.php?rest_route=\/wp\/v2\/users\/1"}],"replies":[{"embeddable":true,"href":"https:\/\/bksgluggar.is\/index.php?rest_route=%2Fwp%2Fv2%2Fcomments&post=12"}],"version-history":[{"count":31,"href":"https:\/\/bksgluggar.is\/index.php?rest_route=\/wp\/v2\/pages\/12\/revisions"}],"predecessor-version":[{"id":165,"href":"https:\/\/bksgluggar.is\/index.php?rest_route=\/wp\/v2\/pages\/12\/revisions\/165"}],"wp:attachment":[{"href":"https:\/\/bksgluggar.is\/index.php?rest_route=%2Fwp%2Fv2%2Fmedia&parent=12"}],"curies":[{"name":"wp","href":"https:\/\/api.w.org\/{rel}","templated":true}]}}